{"id":285,"date":"2023-07-04T23:02:45","date_gmt":"2023-07-04T21:02:45","guid":{"rendered":"http:\/\/hospitalite-aude.com\/?page_id=285"},"modified":"2024-04-22T22:06:22","modified_gmt":"2024-04-22T20:06:22","slug":"etre-hospitalier-etre-hospitaliere","status":"publish","type":"page","link":"https:\/\/hospitalite-aude.com\/index.php\/notre-hospitalite\/etre-hospitalier-etre-hospitaliere\/","title":{"rendered":"Etre hospitalier, \u00eatre hospitali\u00e8re"},"content":{"rendered":"\n<h2 class=\"wp-block-heading\">Serviteurs aupr\u00e8s des personnes malades ou handicap\u00e9es<\/h2>\n\n\n\n<p>Pour pouvoir venir \u00e0 Lourdes, les p\u00e8lerins malades ont besoin des hospitaliers et r\u00e9ciproquement. A Lourdes,&nbsp; nous sommes compl\u00e9mentaires.<\/p>\n\n\n\n<p><strong>\u00ab&nbsp;Le fils de l\u2019Homme n\u2019est pas venu pour \u00eatre servi mais pour servir&nbsp;\u00bb Saint Marc 10,45<\/strong><\/p>\n\n\n\n<p><strong>Se mettre au service des personnes malades, handicap\u00e9es ou \u00e2g\u00e9es<\/strong><\/p>\n\n\n\n<ul class=\"wp-block-list\">\n<li><strong>avec un sourire<\/strong><\/li>\n\n\n\n<li><strong>avec d\u00e9vouement<\/strong><\/li>\n\n\n\n<li><strong>avec discr\u00e9tion<\/strong><\/li>\n\n\n\n<li><strong>avec bienveillance<\/strong><\/li>\n<\/ul>\n\n\n\n<p><strong>Venir \u00e0 Lourdes, c\u2019est \u00eatre au sein d\u2019une \u00e9quipe pour servir les malades et s\u2019accepter chacun avec nos diff\u00e9rences. \u00ab&nbsp;Rappelez-vous qu\u2019il faut aimer sans mesure et se d\u00e9vouer sans compter&nbsp;\u00bb dit Sainte Bernadette.<\/strong><\/p>\n\n\n\n<p><strong>La tenue vestimentaire des hospitaliers doit \u00eatre toujours correcte, sans d\u00e9braill\u00e9 ni laiss\u00e9 aller, shorts, bermudas, tee-shirt et d\u00e9bardeurs publicitaires\u2026devront \u00eatre \u00e9vit\u00e9s.<\/strong><\/p>\n\n\n\n<p><strong>La tenue vestimentaire des hospitali\u00e8res comprend une blouse blanche tr\u00e8s simple dont la longueur doit \u00eatre suffisante pour masquer la robe, jupe ou pantalon blanc.<\/strong><\/p>\n\n\n\n<p>Identique pour toutes et tous,&nbsp;<strong>le foulard avec la croix du Languedoc signe de reconnaissance et d\u2019appartenance est disponible \u00e0 Lourdes aupr\u00e8s de l\u2019Hospitalit\u00e9.<\/strong><\/p>\n","protected":false},"excerpt":{"rendered":"<p>Serviteurs aupr\u00e8s des personnes malades ou handicap\u00e9es Pour pouvoir venir \u00e0 Lourdes, les p\u00e8lerins malades ont besoin des hospitaliers et r\u00e9ciproquement. A Lourdes,&nbsp; nous sommes compl\u00e9mentaires. \u00ab&nbsp;Le fils de l\u2019Homme n\u2019est pas venu pour \u00eatre servi mais pour servir&nbsp;\u00bb Saint Marc 10,45 Se mettre au service des personnes malades, handicap\u00e9es ou \u00e2g\u00e9es Venir \u00e0 Lourdes, [&hellip;]<\/p>\n","protected":false},"author":1,"featured_media":0,"parent":29,"menu_order":1,"comment_status":"closed","ping_status":"closed","template":"","meta":{"footnotes":""},"class_list":["post-285","page","type-page","status-publish","hentry"],"_links":{"self":[{"href":"https:\/\/hospitalite-aude.com\/index.php\/wp-json\/wp\/v2\/pages\/285","targetHints":{"allow":["GET"]}}],"collection":[{"href":"https:\/\/hospitalite-aude.com\/index.php\/wp-json\/wp\/v2\/pages"}],"about":[{"href":"https:\/\/hospitalite-aude.com\/index.php\/wp-json\/wp\/v2\/types\/page"}],"author":[{"embeddable":true,"href":"https:\/\/hospitalite-aude.com\/index.php\/wp-json\/wp\/v2\/users\/1"}],"replies":[{"embeddable":true,"href":"https:\/\/hospitalite-aude.com\/index.php\/wp-json\/wp\/v2\/comments?post=285"}],"version-history":[{"count":1,"href":"https:\/\/hospitalite-aude.com\/index.php\/wp-json\/wp\/v2\/pages\/285\/revisions"}],"predecessor-version":[{"id":286,"href":"https:\/\/hospitalite-aude.com\/index.php\/wp-json\/wp\/v2\/pages\/285\/revisions\/286"}],"up":[{"embeddable":true,"href":"https:\/\/hospitalite-aude.com\/index.php\/wp-json\/wp\/v2\/pages\/29"}],"wp:attachment":[{"href":"https:\/\/hospitalite-aude.com\/index.php\/wp-json\/wp\/v2\/media?parent=285"}],"curies":[{"name":"wp","href":"https:\/\/api.w.org\/{rel}","templated":true}]}}