{"id":29,"date":"2022-06-11T15:24:11","date_gmt":"2022-06-11T13:24:11","guid":{"rendered":"http:\/\/hospitalite-aude.com\/?page_id=29"},"modified":"2024-04-22T22:08:27","modified_gmt":"2024-04-22T20:08:27","slug":"notre-hospitalite","status":"publish","type":"page","link":"https:\/\/hospitalite-aude.com\/index.php\/notre-hospitalite\/","title":{"rendered":"Notre Hospitalit\u00e9"},"content":{"rendered":"\n<h5 class=\"wp-block-heading\"><strong>Pr\u00e9sentation<\/strong><\/h5>\n\n\n\n<p>Le 1<sup>er<\/sup> p\u00e8lerinage \u00e0 Lourdes de l\u2019Hospitalit\u00e9 Saint Jean-Fran\u00e7ois R\u00e9gis du dioc\u00e8se de Carcassonne et Narbonne remonte \u00e0 1925.<\/p>\n\n\n\n<h5 class=\"wp-block-heading\"><strong>L\u2019Hospitalit\u00e9 qu\u2019est ce que c\u2019est&nbsp;?<\/strong><\/h5>\n\n\n\n<p><strong>Ce sont des personnes b\u00e9n\u00e9voles qui se mettent au service des personnes malades ou handicap\u00e9es en fonction de leurs possibilit\u00e9s et de leurs comp\u00e9tences.<\/strong><\/p>\n\n\n\n<p><strong>Ils se rencontrent de temps en temps, soit entre hospitaliers, soit avec les personnes malades ou handicap\u00e9es<\/strong><\/p>\n\n\n\n<ul class=\"wp-block-list\">\n<li><strong>Journ\u00e9e des malades, au mois de f\u00e9vrier<\/strong><\/li>\n\n\n\n<li><strong>Visites des malades<\/strong><\/li>\n\n\n\n<li><strong>Rencontres entre jeunes avec leur aum\u00f4nier<\/strong><\/li>\n\n\n\n<li><strong>Assembl\u00e9e g\u00e9n\u00e9rale de notre association<\/strong><\/li>\n\n\n\n<li><strong>\u2026<\/strong><\/li>\n<\/ul>\n\n\n\n<p><strong>L\u2019association de l\u2019hospitalit\u00e9 St Fran\u00e7ois R\u00e9gis est dirig\u00e9e par un Conseil d\u2019Administration \u00e9lu compos\u00e9 d\u2019un pr\u00e9sident, d\u2019un vice pr\u00e9sident, d\u2019un secr\u00e9taire et de son adjoint, d\u2019un tr\u00e9sorier et de son adjoint, d\u2019un m\u00e9decin, de membres \u00e9lus et de membres de droits.<\/strong><\/p>\n\n\n\n<h5 class=\"wp-block-heading\"><strong>Les ressources<\/strong><\/h5>\n\n\n\n<p><strong>Les hospitaliers (\u00e8res) sont enti\u00e8rement b\u00e9n\u00e9voles. Ils assument la totalit\u00e9 de leurs frais de d\u00e9placement et d\u2019h\u00e9bergement lors des p\u00e8lerinages.<\/strong><\/p>\n\n\n\n<p><strong>Ils doivent s\u2019acquitter d\u2019une cotisation annuelle.<\/strong><\/p>\n\n\n\n<p>Les p\u00e8lerinages co\u00fbtent chers et beaucoup de malades n\u2019ont pas les moyens de payer la quote-part qui leur est demand\u00e9es. Le financement de tout ou partie de leur p\u00e8lerinage est assur\u00e9e par des qu\u00eates faites en paroisses et par des dons divers faits \u00e0 l\u2019hospitalit\u00e9.<\/p>\n\n\n\n<h5 class=\"wp-block-heading\"><strong>Le p\u00e8lerinage \u00e0 Lourdes<\/strong><\/h5>\n\n\n\n<p><strong>Sous la pr\u00e9sidence de notre Ev\u00eaque, le p\u00e8lerinage dioc\u00e9sain \u00e0 Lourdes, lieu chaque ann\u00e9e au mois de juillet et d\u00e9place environ 300 personnes pendant 5 jours.<\/strong><\/p>\n\n\n\n<p><strong>En 2019 par exemple, on comptait&nbsp;80 p\u00e8lerins malades, 170 hospitaliers(-\u00e8res), 20 Jeunes et enfants, 3 m\u00e9decins, 8 infirmi\u00e8res, 3 pr\u00eatres, 8 religieux.<\/strong><\/p>\n\n\n\n<p><\/p>\n","protected":false},"excerpt":{"rendered":"<p>Pr\u00e9sentation Le 1er p\u00e8lerinage \u00e0 Lourdes de l\u2019Hospitalit\u00e9 Saint Jean-Fran\u00e7ois R\u00e9gis du dioc\u00e8se de Carcassonne et Narbonne remonte \u00e0 1925. L\u2019Hospitalit\u00e9 qu\u2019est ce que c\u2019est&nbsp;? Ce sont des personnes b\u00e9n\u00e9voles qui se mettent au service des personnes malades ou handicap\u00e9es en fonction de leurs possibilit\u00e9s et de leurs comp\u00e9tences. Ils se rencontrent de temps en [&hellip;]<\/p>\n","protected":false},"author":1,"featured_media":0,"parent":0,"menu_order":2,"comment_status":"closed","ping_status":"closed","template":"","meta":{"footnotes":""},"class_list":["post-29","page","type-page","status-publish","hentry"],"_links":{"self":[{"href":"https:\/\/hospitalite-aude.com\/index.php\/wp-json\/wp\/v2\/pages\/29","targetHints":{"allow":["GET"]}}],"collection":[{"href":"https:\/\/hospitalite-aude.com\/index.php\/wp-json\/wp\/v2\/pages"}],"about":[{"href":"https:\/\/hospitalite-aude.com\/index.php\/wp-json\/wp\/v2\/types\/page"}],"author":[{"embeddable":true,"href":"https:\/\/hospitalite-aude.com\/index.php\/wp-json\/wp\/v2\/users\/1"}],"replies":[{"embeddable":true,"href":"https:\/\/hospitalite-aude.com\/index.php\/wp-json\/wp\/v2\/comments?post=29"}],"version-history":[{"count":7,"href":"https:\/\/hospitalite-aude.com\/index.php\/wp-json\/wp\/v2\/pages\/29\/revisions"}],"predecessor-version":[{"id":238,"href":"https:\/\/hospitalite-aude.com\/index.php\/wp-json\/wp\/v2\/pages\/29\/revisions\/238"}],"wp:attachment":[{"href":"https:\/\/hospitalite-aude.com\/index.php\/wp-json\/wp\/v2\/media?parent=29"}],"curies":[{"name":"wp","href":"https:\/\/api.w.org\/{rel}","templated":true}]}}